{"id":288,"date":"2024-04-19T17:19:20","date_gmt":"2024-04-19T15:19:20","guid":{"rendered":"https:\/\/farmaceuticaveterinarialapaz.com\/?post_type=product&#038;p=288"},"modified":"2025-04-19T11:46:08","modified_gmt":"2025-04-19T09:46:08","slug":"dorapaz","status":"publish","type":"product","link":"https:\/\/farmaceuticaveterinarialapaz.com\/index.php\/producto\/dorapaz\/","title":{"rendered":"DORAPAZ"},"content":{"rendered":"","protected":false},"excerpt":{"rendered":"<p><strong>Denominaci\u00f3n de medicamento veterinario: <\/strong>Doramectina 1%<\/p>\n<p><strong>Funci\u00f3n:<\/strong> Antiparasitario de amplio espectro y larga acci\u00f3n indicado en el tratamiento y control de par\u00e1sitos internos (gastrointestinales y pulmonares) y externos (garrapatas, nuches, \u00e1caros de la sarna, piojos, miasis gusanera) en Bovinos, Ovinos y Porcinos.<\/p>\n<p><strong>Composici\u00f3n garantizada:<\/strong><br \/>\nDoramectina \u2026\u2026\u2026\u2026\u2026\u2026\u2026.. &#8211; 1000mg<br \/>\nVeh\u00edculo .\u2026\u2026\u2026\u2026\u2026\u2026\u2026\u2026\u2026.c.s.p. 100ml<\/p>\n","protected":false},"featured_media":569,"template":"","meta":{"_et_pb_use_builder":"","_et_pb_old_content":"","_et_gb_content_width":""},"product_cat":[23,19],"product_tag":[],"yoast_head":"<!-- This site is optimized with the Yoast SEO plugin v22.4 - https:\/\/yoast.com\/wordpress\/plugins\/seo\/ -->\n<title>DORAPAZ - farmaceutica veterinaria la paz<\/title>\n<meta name=\"robots\" content=\"index, follow, max-snippet:-1, max-image-preview:large, max-video-preview:-1\" \/>\n<link rel=\"canonical\" href=\"https:\/\/farmaceuticaveterinarialapaz.com\/index.php\/producto\/dorapaz\/\" \/>\n<meta property=\"og:locale\" content=\"en_US\" \/>\n<meta property=\"og:type\" content=\"article\" \/>\n<meta property=\"og:title\" content=\"DORAPAZ - farmaceutica veterinaria la paz\" \/>\n<meta property=\"og:description\" content=\"Denominaci\u00f3n de medicamento veterinario: Doramectina 1%  Funci\u00f3n: Antiparasitario de amplio espectro y larga acci\u00f3n indicado en el tratamiento y control de par\u00e1sitos internos (gastrointestinales y pulmonares) y externos (garrapatas, nuches, \u00e1caros de la sarna, piojos, miasis gusanera) en Bovinos, Ovinos y Porcinos.  Composici\u00f3n garantizada: Doramectina \u2026\u2026\u2026\u2026\u2026\u2026\u2026.. - 1000mg Veh\u00edculo .\u2026\u2026\u2026\u2026\u2026\u2026\u2026\u2026\u2026.c.s.p. 100ml\" \/>\n<meta property=\"og:url\" content=\"https:\/\/farmaceuticaveterinarialapaz.com\/index.php\/producto\/dorapaz\/\" \/>\n<meta property=\"og:site_name\" content=\"farmaceutica veterinaria la paz\" \/>\n<meta property=\"article:modified_time\" content=\"2025-04-19T09:46:08+00:00\" \/>\n<meta property=\"og:image\" content=\"https:\/\/farmaceuticaveterinarialapaz.com\/wp-content\/uploads\/2024\/04\/DORAPAZ-1.png\" \/>\n\t<meta property=\"og:image:width\" content=\"1080\" \/>\n\t<meta property=\"og:image:height\" content=\"1080\" \/>\n\t<meta property=\"og:image:type\" content=\"image\/png\" \/>\n<meta name=\"twitter:card\" content=\"summary_large_image\" \/>\n<meta name=\"twitter:label1\" content=\"Est. reading time\" \/>\n\t<meta name=\"twitter:data1\" content=\"1 minute\" \/>\n<script type=\"application\/ld+json\" class=\"yoast-schema-graph\">{\"@context\":\"https:\/\/schema.org\",\"@graph\":[{\"@type\":\"WebPage\",\"@id\":\"https:\/\/farmaceuticaveterinarialapaz.com\/index.php\/producto\/dorapaz\/\",\"url\":\"https:\/\/farmaceuticaveterinarialapaz.com\/index.php\/producto\/dorapaz\/\",\"name\":\"DORAPAZ - farmaceutica veterinaria la paz\",\"isPartOf\":{\"@id\":\"https:\/\/farmaceuticaveterinarialapaz.com\/#website\"},\"primaryImageOfPage\":{\"@id\":\"https:\/\/farmaceuticaveterinarialapaz.com\/index.php\/producto\/dorapaz\/#primaryimage\"},\"image\":{\"@id\":\"https:\/\/farmaceuticaveterinarialapaz.com\/index.php\/producto\/dorapaz\/#primaryimage\"},\"thumbnailUrl\":\"https:\/\/farmaceuticaveterinarialapaz.com\/wp-content\/uploads\/2024\/04\/DORAPAZ-1.png\",\"datePublished\":\"2024-04-19T15:19:20+00:00\",\"dateModified\":\"2025-04-19T09:46:08+00:00\",\"breadcrumb\":{\"@id\":\"https:\/\/farmaceuticaveterinarialapaz.com\/index.php\/producto\/dorapaz\/#breadcrumb\"},\"inLanguage\":\"en-US\",\"potentialAction\":[{\"@type\":\"ReadAction\",\"target\":[\"https:\/\/farmaceuticaveterinarialapaz.com\/index.php\/producto\/dorapaz\/\"]}]},{\"@type\":\"ImageObject\",\"inLanguage\":\"en-US\",\"@id\":\"https:\/\/farmaceuticaveterinarialapaz.com\/index.php\/producto\/dorapaz\/#primaryimage\",\"url\":\"https:\/\/farmaceuticaveterinarialapaz.com\/wp-content\/uploads\/2024\/04\/DORAPAZ-1.png\",\"contentUrl\":\"https:\/\/farmaceuticaveterinarialapaz.com\/wp-content\/uploads\/2024\/04\/DORAPAZ-1.png\",\"width\":1080,\"height\":1080,\"caption\":\"Dorapaz farmaceuticaveterinarialapaz\"},{\"@type\":\"BreadcrumbList\",\"@id\":\"https:\/\/farmaceuticaveterinarialapaz.com\/index.php\/producto\/dorapaz\/#breadcrumb\",\"itemListElement\":[{\"@type\":\"ListItem\",\"position\":1,\"name\":\"Home\",\"item\":\"https:\/\/farmaceuticaveterinarialapaz.com\/\"},{\"@type\":\"ListItem\",\"position\":2,\"name\":\"Tienda\",\"item\":\"https:\/\/farmaceuticaveterinarialapaz.com\/index.php\/tienda\/\"},{\"@type\":\"ListItem\",\"position\":3,\"name\":\"DORAPAZ\"}]},{\"@type\":\"WebSite\",\"@id\":\"https:\/\/farmaceuticaveterinarialapaz.com\/#website\",\"url\":\"https:\/\/farmaceuticaveterinarialapaz.com\/\",\"name\":\"farmaceutica veterinaria la paz\",\"description\":\"\",\"potentialAction\":[{\"@type\":\"SearchAction\",\"target\":{\"@type\":\"EntryPoint\",\"urlTemplate\":\"https:\/\/farmaceuticaveterinarialapaz.com\/?s={search_term_string}\"},\"query-input\":\"required name=search_term_string\"}],\"inLanguage\":\"en-US\"}]}<\/script>\n<!-- \/ Yoast SEO plugin. -->","yoast_head_json":{"title":"DORAPAZ - farmaceutica veterinaria la paz","robots":{"index":"index","follow":"follow","max-snippet":"max-snippet:-1","max-image-preview":"max-image-preview:large","max-video-preview":"max-video-preview:-1"},"canonical":"https:\/\/farmaceuticaveterinarialapaz.com\/index.php\/producto\/dorapaz\/","og_locale":"en_US","og_type":"article","og_title":"DORAPAZ - farmaceutica veterinaria la paz","og_description":"Denominaci\u00f3n de medicamento veterinario: Doramectina 1%  Funci\u00f3n: Antiparasitario de amplio espectro y larga acci\u00f3n indicado en el tratamiento y control de par\u00e1sitos internos (gastrointestinales y pulmonares) y externos (garrapatas, nuches, \u00e1caros de la sarna, piojos, miasis gusanera) en Bovinos, Ovinos y Porcinos.  Composici\u00f3n garantizada: Doramectina \u2026\u2026\u2026\u2026\u2026\u2026\u2026.. - 1000mg Veh\u00edculo .\u2026\u2026\u2026\u2026\u2026\u2026\u2026\u2026\u2026.c.s.p. 100ml","og_url":"https:\/\/farmaceuticaveterinarialapaz.com\/index.php\/producto\/dorapaz\/","og_site_name":"farmaceutica veterinaria la paz","article_modified_time":"2025-04-19T09:46:08+00:00","og_image":[{"width":1080,"height":1080,"url":"https:\/\/farmaceuticaveterinarialapaz.com\/wp-content\/uploads\/2024\/04\/DORAPAZ-1.png","type":"image\/png"}],"twitter_card":"summary_large_image","twitter_misc":{"Est. reading time":"1 minute"},"schema":{"@context":"https:\/\/schema.org","@graph":[{"@type":"WebPage","@id":"https:\/\/farmaceuticaveterinarialapaz.com\/index.php\/producto\/dorapaz\/","url":"https:\/\/farmaceuticaveterinarialapaz.com\/index.php\/producto\/dorapaz\/","name":"DORAPAZ - farmaceutica veterinaria la paz","isPartOf":{"@id":"https:\/\/farmaceuticaveterinarialapaz.com\/#website"},"primaryImageOfPage":{"@id":"https:\/\/farmaceuticaveterinarialapaz.com\/index.php\/producto\/dorapaz\/#primaryimage"},"image":{"@id":"https:\/\/farmaceuticaveterinarialapaz.com\/index.php\/producto\/dorapaz\/#primaryimage"},"thumbnailUrl":"https:\/\/farmaceuticaveterinarialapaz.com\/wp-content\/uploads\/2024\/04\/DORAPAZ-1.png","datePublished":"2024-04-19T15:19:20+00:00","dateModified":"2025-04-19T09:46:08+00:00","breadcrumb":{"@id":"https:\/\/farmaceuticaveterinarialapaz.com\/index.php\/producto\/dorapaz\/#breadcrumb"},"inLanguage":"en-US","potentialAction":[{"@type":"ReadAction","target":["https:\/\/farmaceuticaveterinarialapaz.com\/index.php\/producto\/dorapaz\/"]}]},{"@type":"ImageObject","inLanguage":"en-US","@id":"https:\/\/farmaceuticaveterinarialapaz.com\/index.php\/producto\/dorapaz\/#primaryimage","url":"https:\/\/farmaceuticaveterinarialapaz.com\/wp-content\/uploads\/2024\/04\/DORAPAZ-1.png","contentUrl":"https:\/\/farmaceuticaveterinarialapaz.com\/wp-content\/uploads\/2024\/04\/DORAPAZ-1.png","width":1080,"height":1080,"caption":"Dorapaz farmaceuticaveterinarialapaz"},{"@type":"BreadcrumbList","@id":"https:\/\/farmaceuticaveterinarialapaz.com\/index.php\/producto\/dorapaz\/#breadcrumb","itemListElement":[{"@type":"ListItem","position":1,"name":"Home","item":"https:\/\/farmaceuticaveterinarialapaz.com\/"},{"@type":"ListItem","position":2,"name":"Tienda","item":"https:\/\/farmaceuticaveterinarialapaz.com\/index.php\/tienda\/"},{"@type":"ListItem","position":3,"name":"DORAPAZ"}]},{"@type":"WebSite","@id":"https:\/\/farmaceuticaveterinarialapaz.com\/#website","url":"https:\/\/farmaceuticaveterinarialapaz.com\/","name":"farmaceutica veterinaria la paz","description":"","potentialAction":[{"@type":"SearchAction","target":{"@type":"EntryPoint","urlTemplate":"https:\/\/farmaceuticaveterinarialapaz.com\/?s={search_term_string}"},"query-input":"required name=search_term_string"}],"inLanguage":"en-US"}]}},"_links":{"self":[{"href":"https:\/\/farmaceuticaveterinarialapaz.com\/index.php\/wp-json\/wp\/v2\/product\/288"}],"collection":[{"href":"https:\/\/farmaceuticaveterinarialapaz.com\/index.php\/wp-json\/wp\/v2\/product"}],"about":[{"href":"https:\/\/farmaceuticaveterinarialapaz.com\/index.php\/wp-json\/wp\/v2\/types\/product"}],"wp:featuredmedia":[{"embeddable":true,"href":"https:\/\/farmaceuticaveterinarialapaz.com\/index.php\/wp-json\/wp\/v2\/media\/569"}],"wp:attachment":[{"href":"https:\/\/farmaceuticaveterinarialapaz.com\/index.php\/wp-json\/wp\/v2\/media?parent=288"}],"wp:term":[{"taxonomy":"product_cat","embeddable":true,"href":"https:\/\/farmaceuticaveterinarialapaz.com\/index.php\/wp-json\/wp\/v2\/product_cat?post=288"},{"taxonomy":"product_tag","embeddable":true,"href":"https:\/\/farmaceuticaveterinarialapaz.com\/index.php\/wp-json\/wp\/v2\/product_tag?post=288"}],"curies":[{"name":"wp","href":"https:\/\/api.w.org\/{rel}","templated":true}]}}