{"id":283,"date":"2024-04-15T15:06:00","date_gmt":"2024-04-15T13:06:00","guid":{"rendered":"https:\/\/farmaceuticaveterinarialapaz.com\/?post_type=product&#038;p=283"},"modified":"2025-05-03T23:18:42","modified_gmt":"2025-05-03T21:18:42","slug":"ultragan","status":"publish","type":"product","link":"https:\/\/farmaceuticaveterinarialapaz.com\/index.php\/producto\/ultragan\/","title":{"rendered":"ULTRAGAN"},"content":{"rendered":"","protected":false},"excerpt":{"rendered":"<p><strong>Denominaci\u00f3n de medicamento veterinario: Boldenona Undecilenato<\/strong><\/p>\n<p><strong>Funci\u00f3n:\u00a0<\/strong>Anab\u00f3lico en soluci\u00f3n inyectable indicado en bovinos, equinos y porcinos como coadyuvante en los casos en que se requiera promover la s\u00edntesis prote\u00edca, en enfermedades de tipo consuntivo o debilitantes que produzcan p\u00e9rdida de peso.<\/p>\n<p><strong>Composici\u00f3n garantizada:<\/strong><\/p>\n<p>Cada 100 ml contiene:<\/p>\n<p>Boldenona undecilenato\u2026\u2026\u2026\u2026\u2026\u2026 50mg<br \/>\nVeh\u00edculo c.s.p&#8230;&#8230;&#8230;&#8230;&#8230;&#8230;\u2026\u2026\u2026\u2026\u2026.. 100 cm3<\/p>\n<p><strong>Indicaciones:<\/strong><br \/>\nFavorece el apetito y desarrollo muscular, aumenta el vigor y el estado f\u00edsico general. Tratamiento de convalecencias post quir\u00fargicas, por enfermedades cr\u00f3nicas, parasitismo severo, sobreentrenamiento y procesos debilitantes.<\/p>\n<p><strong>Presentaciones<\/strong><br \/>\nFrasco 250ml<\/p>\n","protected":false},"featured_media":571,"template":"","meta":{"_et_pb_use_builder":"","_et_pb_old_content":"","_et_gb_content_width":""},"product_cat":[19],"product_tag":[],"yoast_head":"<!-- This site is optimized with the Yoast SEO plugin v22.4 - https:\/\/yoast.com\/wordpress\/plugins\/seo\/ -->\n<title>ULTRAGAN - farmaceutica veterinaria la paz<\/title>\n<meta name=\"robots\" content=\"index, follow, max-snippet:-1, max-image-preview:large, max-video-preview:-1\" \/>\n<link rel=\"canonical\" href=\"https:\/\/farmaceuticaveterinarialapaz.com\/index.php\/producto\/ultragan\/\" \/>\n<meta property=\"og:locale\" content=\"en_US\" \/>\n<meta property=\"og:type\" content=\"article\" \/>\n<meta property=\"og:title\" content=\"ULTRAGAN - farmaceutica veterinaria la paz\" \/>\n<meta property=\"og:description\" content=\"Denominaci\u00f3n de medicamento veterinario: Boldenona Undecilenato  Funci\u00f3n:\u00a0Anab\u00f3lico en soluci\u00f3n inyectable indicado en bovinos, equinos y porcinos como coadyuvante en los casos en que se requiera promover la s\u00edntesis prote\u00edca, en enfermedades de tipo consuntivo o debilitantes que produzcan p\u00e9rdida de peso.  Composici\u00f3n garantizada:  Cada 100 ml contiene:  Boldenona undecilenato\u2026\u2026\u2026\u2026\u2026\u2026 50mg Veh\u00edculo c.s.p..................\u2026\u2026\u2026\u2026\u2026.. 100 cm3  Indicaciones: Favorece el apetito y desarrollo muscular, aumenta el vigor y el estado f\u00edsico general. Tratamiento de convalecencias post quir\u00fargicas, por enfermedades cr\u00f3nicas, parasitismo severo, sobreentrenamiento y procesos debilitantes.  Presentaciones Frasco 250ml\" \/>\n<meta property=\"og:url\" content=\"https:\/\/farmaceuticaveterinarialapaz.com\/index.php\/producto\/ultragan\/\" \/>\n<meta property=\"og:site_name\" content=\"farmaceutica veterinaria la paz\" \/>\n<meta property=\"article:modified_time\" content=\"2025-05-03T21:18:42+00:00\" \/>\n<meta property=\"og:image\" content=\"https:\/\/farmaceuticaveterinarialapaz.com\/wp-content\/uploads\/2024\/04\/ULTRAGAN.png\" \/>\n\t<meta property=\"og:image:width\" content=\"1080\" \/>\n\t<meta property=\"og:image:height\" content=\"1080\" \/>\n\t<meta property=\"og:image:type\" content=\"image\/png\" \/>\n<meta name=\"twitter:card\" content=\"summary_large_image\" \/>\n<meta name=\"twitter:label1\" content=\"Est. reading time\" \/>\n\t<meta name=\"twitter:data1\" content=\"1 minute\" \/>\n<script type=\"application\/ld+json\" class=\"yoast-schema-graph\">{\"@context\":\"https:\/\/schema.org\",\"@graph\":[{\"@type\":\"WebPage\",\"@id\":\"https:\/\/farmaceuticaveterinarialapaz.com\/index.php\/producto\/ultragan\/\",\"url\":\"https:\/\/farmaceuticaveterinarialapaz.com\/index.php\/producto\/ultragan\/\",\"name\":\"ULTRAGAN - farmaceutica veterinaria la paz\",\"isPartOf\":{\"@id\":\"https:\/\/farmaceuticaveterinarialapaz.com\/#website\"},\"primaryImageOfPage\":{\"@id\":\"https:\/\/farmaceuticaveterinarialapaz.com\/index.php\/producto\/ultragan\/#primaryimage\"},\"image\":{\"@id\":\"https:\/\/farmaceuticaveterinarialapaz.com\/index.php\/producto\/ultragan\/#primaryimage\"},\"thumbnailUrl\":\"https:\/\/farmaceuticaveterinarialapaz.com\/wp-content\/uploads\/2024\/04\/ULTRAGAN.png\",\"datePublished\":\"2024-04-15T13:06:00+00:00\",\"dateModified\":\"2025-05-03T21:18:42+00:00\",\"breadcrumb\":{\"@id\":\"https:\/\/farmaceuticaveterinarialapaz.com\/index.php\/producto\/ultragan\/#breadcrumb\"},\"inLanguage\":\"en-US\",\"potentialAction\":[{\"@type\":\"ReadAction\",\"target\":[\"https:\/\/farmaceuticaveterinarialapaz.com\/index.php\/producto\/ultragan\/\"]}]},{\"@type\":\"ImageObject\",\"inLanguage\":\"en-US\",\"@id\":\"https:\/\/farmaceuticaveterinarialapaz.com\/index.php\/producto\/ultragan\/#primaryimage\",\"url\":\"https:\/\/farmaceuticaveterinarialapaz.com\/wp-content\/uploads\/2024\/04\/ULTRAGAN.png\",\"contentUrl\":\"https:\/\/farmaceuticaveterinarialapaz.com\/wp-content\/uploads\/2024\/04\/ULTRAGAN.png\",\"width\":1080,\"height\":1080,\"caption\":\"Ultragan farmaceuticaveterinarialapaz\"},{\"@type\":\"BreadcrumbList\",\"@id\":\"https:\/\/farmaceuticaveterinarialapaz.com\/index.php\/producto\/ultragan\/#breadcrumb\",\"itemListElement\":[{\"@type\":\"ListItem\",\"position\":1,\"name\":\"Home\",\"item\":\"https:\/\/farmaceuticaveterinarialapaz.com\/\"},{\"@type\":\"ListItem\",\"position\":2,\"name\":\"Tienda\",\"item\":\"https:\/\/farmaceuticaveterinarialapaz.com\/index.php\/tienda\/\"},{\"@type\":\"ListItem\",\"position\":3,\"name\":\"ULTRAGAN\"}]},{\"@type\":\"WebSite\",\"@id\":\"https:\/\/farmaceuticaveterinarialapaz.com\/#website\",\"url\":\"https:\/\/farmaceuticaveterinarialapaz.com\/\",\"name\":\"farmaceutica veterinaria la paz\",\"description\":\"\",\"potentialAction\":[{\"@type\":\"SearchAction\",\"target\":{\"@type\":\"EntryPoint\",\"urlTemplate\":\"https:\/\/farmaceuticaveterinarialapaz.com\/?s={search_term_string}\"},\"query-input\":\"required name=search_term_string\"}],\"inLanguage\":\"en-US\"}]}<\/script>\n<!-- \/ Yoast SEO plugin. -->","yoast_head_json":{"title":"ULTRAGAN - farmaceutica veterinaria la paz","robots":{"index":"index","follow":"follow","max-snippet":"max-snippet:-1","max-image-preview":"max-image-preview:large","max-video-preview":"max-video-preview:-1"},"canonical":"https:\/\/farmaceuticaveterinarialapaz.com\/index.php\/producto\/ultragan\/","og_locale":"en_US","og_type":"article","og_title":"ULTRAGAN - farmaceutica veterinaria la paz","og_description":"Denominaci\u00f3n de medicamento veterinario: Boldenona Undecilenato  Funci\u00f3n:\u00a0Anab\u00f3lico en soluci\u00f3n inyectable indicado en bovinos, equinos y porcinos como coadyuvante en los casos en que se requiera promover la s\u00edntesis prote\u00edca, en enfermedades de tipo consuntivo o debilitantes que produzcan p\u00e9rdida de peso.  Composici\u00f3n garantizada:  Cada 100 ml contiene:  Boldenona undecilenato\u2026\u2026\u2026\u2026\u2026\u2026 50mg Veh\u00edculo c.s.p..................\u2026\u2026\u2026\u2026\u2026.. 100 cm3  Indicaciones: Favorece el apetito y desarrollo muscular, aumenta el vigor y el estado f\u00edsico general. Tratamiento de convalecencias post quir\u00fargicas, por enfermedades cr\u00f3nicas, parasitismo severo, sobreentrenamiento y procesos debilitantes.  Presentaciones Frasco 250ml","og_url":"https:\/\/farmaceuticaveterinarialapaz.com\/index.php\/producto\/ultragan\/","og_site_name":"farmaceutica veterinaria la paz","article_modified_time":"2025-05-03T21:18:42+00:00","og_image":[{"width":1080,"height":1080,"url":"https:\/\/farmaceuticaveterinarialapaz.com\/wp-content\/uploads\/2024\/04\/ULTRAGAN.png","type":"image\/png"}],"twitter_card":"summary_large_image","twitter_misc":{"Est. reading time":"1 minute"},"schema":{"@context":"https:\/\/schema.org","@graph":[{"@type":"WebPage","@id":"https:\/\/farmaceuticaveterinarialapaz.com\/index.php\/producto\/ultragan\/","url":"https:\/\/farmaceuticaveterinarialapaz.com\/index.php\/producto\/ultragan\/","name":"ULTRAGAN - farmaceutica veterinaria la paz","isPartOf":{"@id":"https:\/\/farmaceuticaveterinarialapaz.com\/#website"},"primaryImageOfPage":{"@id":"https:\/\/farmaceuticaveterinarialapaz.com\/index.php\/producto\/ultragan\/#primaryimage"},"image":{"@id":"https:\/\/farmaceuticaveterinarialapaz.com\/index.php\/producto\/ultragan\/#primaryimage"},"thumbnailUrl":"https:\/\/farmaceuticaveterinarialapaz.com\/wp-content\/uploads\/2024\/04\/ULTRAGAN.png","datePublished":"2024-04-15T13:06:00+00:00","dateModified":"2025-05-03T21:18:42+00:00","breadcrumb":{"@id":"https:\/\/farmaceuticaveterinarialapaz.com\/index.php\/producto\/ultragan\/#breadcrumb"},"inLanguage":"en-US","potentialAction":[{"@type":"ReadAction","target":["https:\/\/farmaceuticaveterinarialapaz.com\/index.php\/producto\/ultragan\/"]}]},{"@type":"ImageObject","inLanguage":"en-US","@id":"https:\/\/farmaceuticaveterinarialapaz.com\/index.php\/producto\/ultragan\/#primaryimage","url":"https:\/\/farmaceuticaveterinarialapaz.com\/wp-content\/uploads\/2024\/04\/ULTRAGAN.png","contentUrl":"https:\/\/farmaceuticaveterinarialapaz.com\/wp-content\/uploads\/2024\/04\/ULTRAGAN.png","width":1080,"height":1080,"caption":"Ultragan farmaceuticaveterinarialapaz"},{"@type":"BreadcrumbList","@id":"https:\/\/farmaceuticaveterinarialapaz.com\/index.php\/producto\/ultragan\/#breadcrumb","itemListElement":[{"@type":"ListItem","position":1,"name":"Home","item":"https:\/\/farmaceuticaveterinarialapaz.com\/"},{"@type":"ListItem","position":2,"name":"Tienda","item":"https:\/\/farmaceuticaveterinarialapaz.com\/index.php\/tienda\/"},{"@type":"ListItem","position":3,"name":"ULTRAGAN"}]},{"@type":"WebSite","@id":"https:\/\/farmaceuticaveterinarialapaz.com\/#website","url":"https:\/\/farmaceuticaveterinarialapaz.com\/","name":"farmaceutica veterinaria la paz","description":"","potentialAction":[{"@type":"SearchAction","target":{"@type":"EntryPoint","urlTemplate":"https:\/\/farmaceuticaveterinarialapaz.com\/?s={search_term_string}"},"query-input":"required name=search_term_string"}],"inLanguage":"en-US"}]}},"_links":{"self":[{"href":"https:\/\/farmaceuticaveterinarialapaz.com\/index.php\/wp-json\/wp\/v2\/product\/283"}],"collection":[{"href":"https:\/\/farmaceuticaveterinarialapaz.com\/index.php\/wp-json\/wp\/v2\/product"}],"about":[{"href":"https:\/\/farmaceuticaveterinarialapaz.com\/index.php\/wp-json\/wp\/v2\/types\/product"}],"wp:featuredmedia":[{"embeddable":true,"href":"https:\/\/farmaceuticaveterinarialapaz.com\/index.php\/wp-json\/wp\/v2\/media\/571"}],"wp:attachment":[{"href":"https:\/\/farmaceuticaveterinarialapaz.com\/index.php\/wp-json\/wp\/v2\/media?parent=283"}],"wp:term":[{"taxonomy":"product_cat","embeddable":true,"href":"https:\/\/farmaceuticaveterinarialapaz.com\/index.php\/wp-json\/wp\/v2\/product_cat?post=283"},{"taxonomy":"product_tag","embeddable":true,"href":"https:\/\/farmaceuticaveterinarialapaz.com\/index.php\/wp-json\/wp\/v2\/product_tag?post=283"}],"curies":[{"name":"wp","href":"https:\/\/api.w.org\/{rel}","templated":true}]}}