{"id":278,"date":"2024-04-15T15:00:13","date_gmt":"2024-04-15T13:00:13","guid":{"rendered":"https:\/\/farmaceuticaveterinarialapaz.com\/?post_type=product&#038;p=278"},"modified":"2025-04-19T11:56:19","modified_gmt":"2025-04-19T09:56:19","slug":"minerpaz","status":"publish","type":"product","link":"https:\/\/farmaceuticaveterinarialapaz.com\/index.php\/producto\/minerpaz\/","title":{"rendered":"MINERPAZ"},"content":{"rendered":"","protected":false},"excerpt":{"rendered":"<p><strong>Denominaci\u00f3n de medicamento veterinario: <\/strong>ATP vitaminas y minerales.<\/p>\n<p><strong>Funci\u00f3n:<\/strong> Excelente agente reconstituyente, indicado para mejorar los procesos reproductivos en vacas de leche y cr\u00eda. En hembras, mejora el porcentaje de celo y pre\u00f1ez. En machos aumenta la l\u00edbido y calidad del s\u00e9menx<\/p>\n<p><strong>Composici\u00f3n garantizada:<\/strong><\/p>\n<p>Cada 100 ml contiene:<\/p>\n<p><strong>Cloruro de Magnesio&#8230;&#8230;.. 800 mg <\/strong><\/p>\n<p><strong>Cloruro de Zinc&#8230;&#8230;&#8230;&#8230;&#8230;&#8230;. 10 mg <\/strong><\/p>\n<p><strong>Citrato de Hierro&#8230;&#8230;&#8230;&#8230;.. 400 mg <\/strong><\/p>\n<p><strong>Sulfato de Manganeso&#8230;&#8230;. 200 mg<\/strong><\/p>\n<p><strong>Sulfato c\u00faprico&#8230;&#8230;&#8230;.. 50 mg<\/strong><\/p>\n<p><strong>Cloruro de Calcio&#8230;&#8230;. 500 mg<\/strong><\/p>\n<p><strong>Cloruro de Sodio&#8230;&#8230;. 1.000 mg<\/strong><\/p>\n<p><strong>Yoduro de Potasio&#8230;&#8230;. 42 mg<\/strong><\/p>\n<p><strong>Vitamina A&#8230;&#8230;. 1.000.000 UI<\/strong><\/p>\n<p><strong>Vitamina D3&#8230;&#8230;. 150.000 UI<\/strong><\/p>\n<p><strong>Vitamina E&#8230;&#8230;. 500 mg<\/strong><\/p>\n<p><strong>ATP&#8230;&#8230;. 300 mg<\/strong><\/p>\n<p><strong>Excipientes c.s.p&#8230;&#8230;. 100 UI<\/strong><\/p>\n","protected":false},"featured_media":572,"template":"","meta":{"_et_pb_use_builder":"","_et_pb_old_content":"","_et_gb_content_width":""},"product_cat":[19,22],"product_tag":[],"yoast_head":"<!-- This site is optimized with the Yoast SEO plugin v22.4 - https:\/\/yoast.com\/wordpress\/plugins\/seo\/ -->\n<title>MINERPAZ - farmaceutica veterinaria la paz<\/title>\n<meta name=\"robots\" content=\"index, follow, max-snippet:-1, max-image-preview:large, max-video-preview:-1\" \/>\n<link rel=\"canonical\" href=\"https:\/\/farmaceuticaveterinarialapaz.com\/index.php\/producto\/minerpaz\/\" \/>\n<meta property=\"og:locale\" content=\"en_US\" \/>\n<meta property=\"og:type\" content=\"article\" \/>\n<meta property=\"og:title\" content=\"MINERPAZ - farmaceutica veterinaria la paz\" \/>\n<meta property=\"og:description\" content=\"Denominaci\u00f3n de medicamento veterinario: ATP vitaminas y minerales.  Funci\u00f3n: Excelente agente reconstituyente, indicado para mejorar los procesos reproductivos en vacas de leche y cr\u00eda. En hembras, mejora el porcentaje de celo y pre\u00f1ez. En machos aumenta la l\u00edbido y calidad del s\u00e9menx  Composici\u00f3n garantizada:  Cada 100 ml contiene:  Cloruro de Magnesio........ 800 mg   Cloruro de Zinc................... 10 mg   Citrato de Hierro.............. 400 mg   Sulfato de Manganeso....... 200 mg  Sulfato c\u00faprico........... 50 mg  Cloruro de Calcio....... 500 mg  Cloruro de Sodio....... 1.000 mg  Yoduro de Potasio....... 42 mg  Vitamina A....... 1.000.000 UI  Vitamina D3....... 150.000 UI  Vitamina E....... 500 mg  ATP....... 300 mg  Excipientes c.s.p....... 100 UI\" \/>\n<meta property=\"og:url\" content=\"https:\/\/farmaceuticaveterinarialapaz.com\/index.php\/producto\/minerpaz\/\" \/>\n<meta property=\"og:site_name\" content=\"farmaceutica veterinaria la paz\" \/>\n<meta property=\"article:modified_time\" content=\"2025-04-19T09:56:19+00:00\" \/>\n<meta property=\"og:image\" content=\"https:\/\/farmaceuticaveterinarialapaz.com\/wp-content\/uploads\/2024\/04\/MINERPAZ-1.png\" \/>\n\t<meta property=\"og:image:width\" content=\"1080\" \/>\n\t<meta property=\"og:image:height\" content=\"1080\" \/>\n\t<meta property=\"og:image:type\" content=\"image\/png\" \/>\n<meta name=\"twitter:card\" content=\"summary_large_image\" \/>\n<meta name=\"twitter:label1\" content=\"Est. reading time\" \/>\n\t<meta name=\"twitter:data1\" content=\"1 minute\" \/>\n<script type=\"application\/ld+json\" class=\"yoast-schema-graph\">{\"@context\":\"https:\/\/schema.org\",\"@graph\":[{\"@type\":\"WebPage\",\"@id\":\"https:\/\/farmaceuticaveterinarialapaz.com\/index.php\/producto\/minerpaz\/\",\"url\":\"https:\/\/farmaceuticaveterinarialapaz.com\/index.php\/producto\/minerpaz\/\",\"name\":\"MINERPAZ - farmaceutica veterinaria la paz\",\"isPartOf\":{\"@id\":\"https:\/\/farmaceuticaveterinarialapaz.com\/#website\"},\"primaryImageOfPage\":{\"@id\":\"https:\/\/farmaceuticaveterinarialapaz.com\/index.php\/producto\/minerpaz\/#primaryimage\"},\"image\":{\"@id\":\"https:\/\/farmaceuticaveterinarialapaz.com\/index.php\/producto\/minerpaz\/#primaryimage\"},\"thumbnailUrl\":\"https:\/\/farmaceuticaveterinarialapaz.com\/wp-content\/uploads\/2024\/04\/MINERPAZ-1.png\",\"datePublished\":\"2024-04-15T13:00:13+00:00\",\"dateModified\":\"2025-04-19T09:56:19+00:00\",\"breadcrumb\":{\"@id\":\"https:\/\/farmaceuticaveterinarialapaz.com\/index.php\/producto\/minerpaz\/#breadcrumb\"},\"inLanguage\":\"en-US\",\"potentialAction\":[{\"@type\":\"ReadAction\",\"target\":[\"https:\/\/farmaceuticaveterinarialapaz.com\/index.php\/producto\/minerpaz\/\"]}]},{\"@type\":\"ImageObject\",\"inLanguage\":\"en-US\",\"@id\":\"https:\/\/farmaceuticaveterinarialapaz.com\/index.php\/producto\/minerpaz\/#primaryimage\",\"url\":\"https:\/\/farmaceuticaveterinarialapaz.com\/wp-content\/uploads\/2024\/04\/MINERPAZ-1.png\",\"contentUrl\":\"https:\/\/farmaceuticaveterinarialapaz.com\/wp-content\/uploads\/2024\/04\/MINERPAZ-1.png\",\"width\":1080,\"height\":1080,\"caption\":\"Minerpaz farmaceuticaveterinarialapaz\"},{\"@type\":\"BreadcrumbList\",\"@id\":\"https:\/\/farmaceuticaveterinarialapaz.com\/index.php\/producto\/minerpaz\/#breadcrumb\",\"itemListElement\":[{\"@type\":\"ListItem\",\"position\":1,\"name\":\"Home\",\"item\":\"https:\/\/farmaceuticaveterinarialapaz.com\/\"},{\"@type\":\"ListItem\",\"position\":2,\"name\":\"Tienda\",\"item\":\"https:\/\/farmaceuticaveterinarialapaz.com\/index.php\/tienda\/\"},{\"@type\":\"ListItem\",\"position\":3,\"name\":\"MINERPAZ\"}]},{\"@type\":\"WebSite\",\"@id\":\"https:\/\/farmaceuticaveterinarialapaz.com\/#website\",\"url\":\"https:\/\/farmaceuticaveterinarialapaz.com\/\",\"name\":\"farmaceutica veterinaria la paz\",\"description\":\"\",\"potentialAction\":[{\"@type\":\"SearchAction\",\"target\":{\"@type\":\"EntryPoint\",\"urlTemplate\":\"https:\/\/farmaceuticaveterinarialapaz.com\/?s={search_term_string}\"},\"query-input\":\"required name=search_term_string\"}],\"inLanguage\":\"en-US\"}]}<\/script>\n<!-- \/ Yoast SEO plugin. -->","yoast_head_json":{"title":"MINERPAZ - farmaceutica veterinaria la paz","robots":{"index":"index","follow":"follow","max-snippet":"max-snippet:-1","max-image-preview":"max-image-preview:large","max-video-preview":"max-video-preview:-1"},"canonical":"https:\/\/farmaceuticaveterinarialapaz.com\/index.php\/producto\/minerpaz\/","og_locale":"en_US","og_type":"article","og_title":"MINERPAZ - farmaceutica veterinaria la paz","og_description":"Denominaci\u00f3n de medicamento veterinario: ATP vitaminas y minerales.  Funci\u00f3n: Excelente agente reconstituyente, indicado para mejorar los procesos reproductivos en vacas de leche y cr\u00eda. En hembras, mejora el porcentaje de celo y pre\u00f1ez. En machos aumenta la l\u00edbido y calidad del s\u00e9menx  Composici\u00f3n garantizada:  Cada 100 ml contiene:  Cloruro de Magnesio........ 800 mg   Cloruro de Zinc................... 10 mg   Citrato de Hierro.............. 400 mg   Sulfato de Manganeso....... 200 mg  Sulfato c\u00faprico........... 50 mg  Cloruro de Calcio....... 500 mg  Cloruro de Sodio....... 1.000 mg  Yoduro de Potasio....... 42 mg  Vitamina A....... 1.000.000 UI  Vitamina D3....... 150.000 UI  Vitamina E....... 500 mg  ATP....... 300 mg  Excipientes c.s.p....... 100 UI","og_url":"https:\/\/farmaceuticaveterinarialapaz.com\/index.php\/producto\/minerpaz\/","og_site_name":"farmaceutica veterinaria la paz","article_modified_time":"2025-04-19T09:56:19+00:00","og_image":[{"width":1080,"height":1080,"url":"https:\/\/farmaceuticaveterinarialapaz.com\/wp-content\/uploads\/2024\/04\/MINERPAZ-1.png","type":"image\/png"}],"twitter_card":"summary_large_image","twitter_misc":{"Est. reading time":"1 minute"},"schema":{"@context":"https:\/\/schema.org","@graph":[{"@type":"WebPage","@id":"https:\/\/farmaceuticaveterinarialapaz.com\/index.php\/producto\/minerpaz\/","url":"https:\/\/farmaceuticaveterinarialapaz.com\/index.php\/producto\/minerpaz\/","name":"MINERPAZ - farmaceutica veterinaria la paz","isPartOf":{"@id":"https:\/\/farmaceuticaveterinarialapaz.com\/#website"},"primaryImageOfPage":{"@id":"https:\/\/farmaceuticaveterinarialapaz.com\/index.php\/producto\/minerpaz\/#primaryimage"},"image":{"@id":"https:\/\/farmaceuticaveterinarialapaz.com\/index.php\/producto\/minerpaz\/#primaryimage"},"thumbnailUrl":"https:\/\/farmaceuticaveterinarialapaz.com\/wp-content\/uploads\/2024\/04\/MINERPAZ-1.png","datePublished":"2024-04-15T13:00:13+00:00","dateModified":"2025-04-19T09:56:19+00:00","breadcrumb":{"@id":"https:\/\/farmaceuticaveterinarialapaz.com\/index.php\/producto\/minerpaz\/#breadcrumb"},"inLanguage":"en-US","potentialAction":[{"@type":"ReadAction","target":["https:\/\/farmaceuticaveterinarialapaz.com\/index.php\/producto\/minerpaz\/"]}]},{"@type":"ImageObject","inLanguage":"en-US","@id":"https:\/\/farmaceuticaveterinarialapaz.com\/index.php\/producto\/minerpaz\/#primaryimage","url":"https:\/\/farmaceuticaveterinarialapaz.com\/wp-content\/uploads\/2024\/04\/MINERPAZ-1.png","contentUrl":"https:\/\/farmaceuticaveterinarialapaz.com\/wp-content\/uploads\/2024\/04\/MINERPAZ-1.png","width":1080,"height":1080,"caption":"Minerpaz farmaceuticaveterinarialapaz"},{"@type":"BreadcrumbList","@id":"https:\/\/farmaceuticaveterinarialapaz.com\/index.php\/producto\/minerpaz\/#breadcrumb","itemListElement":[{"@type":"ListItem","position":1,"name":"Home","item":"https:\/\/farmaceuticaveterinarialapaz.com\/"},{"@type":"ListItem","position":2,"name":"Tienda","item":"https:\/\/farmaceuticaveterinarialapaz.com\/index.php\/tienda\/"},{"@type":"ListItem","position":3,"name":"MINERPAZ"}]},{"@type":"WebSite","@id":"https:\/\/farmaceuticaveterinarialapaz.com\/#website","url":"https:\/\/farmaceuticaveterinarialapaz.com\/","name":"farmaceutica veterinaria la paz","description":"","potentialAction":[{"@type":"SearchAction","target":{"@type":"EntryPoint","urlTemplate":"https:\/\/farmaceuticaveterinarialapaz.com\/?s={search_term_string}"},"query-input":"required name=search_term_string"}],"inLanguage":"en-US"}]}},"_links":{"self":[{"href":"https:\/\/farmaceuticaveterinarialapaz.com\/index.php\/wp-json\/wp\/v2\/product\/278"}],"collection":[{"href":"https:\/\/farmaceuticaveterinarialapaz.com\/index.php\/wp-json\/wp\/v2\/product"}],"about":[{"href":"https:\/\/farmaceuticaveterinarialapaz.com\/index.php\/wp-json\/wp\/v2\/types\/product"}],"wp:featuredmedia":[{"embeddable":true,"href":"https:\/\/farmaceuticaveterinarialapaz.com\/index.php\/wp-json\/wp\/v2\/media\/572"}],"wp:attachment":[{"href":"https:\/\/farmaceuticaveterinarialapaz.com\/index.php\/wp-json\/wp\/v2\/media?parent=278"}],"wp:term":[{"taxonomy":"product_cat","embeddable":true,"href":"https:\/\/farmaceuticaveterinarialapaz.com\/index.php\/wp-json\/wp\/v2\/product_cat?post=278"},{"taxonomy":"product_tag","embeddable":true,"href":"https:\/\/farmaceuticaveterinarialapaz.com\/index.php\/wp-json\/wp\/v2\/product_tag?post=278"}],"curies":[{"name":"wp","href":"https:\/\/api.w.org\/{rel}","templated":true}]}}