{"id":250,"date":"2024-04-14T17:29:31","date_gmt":"2024-04-14T15:29:31","guid":{"rendered":"https:\/\/farmaceuticaveterinarialapaz.com\/?post_type=product&#038;p=250"},"modified":"2025-04-19T12:08:57","modified_gmt":"2025-04-19T10:08:57","slug":"vitavisol","status":"publish","type":"product","link":"https:\/\/farmaceuticaveterinarialapaz.com\/index.php\/producto\/vitavisol\/","title":{"rendered":"VITAVISOL"},"content":{"rendered":"","protected":false},"excerpt":{"rendered":"<p><strong>Denominaci\u00f3n de medicamento veterinario:\u00a0<\/strong>Vitamina A, Vitamina D3, Vitamina E.<\/p>\n<p><strong>Funci\u00f3n:\u00a0<\/strong>Vitaminas de r\u00e1pida absorci\u00f3n en el organismo, para tratar las deficiencias y estimular el desarrollo de los animales.<\/p>\n<p><strong>Composici\u00f3n garantizada:<\/strong><\/p>\n<p><strong>Vitamina A<\/strong> (palmitato de retinol)<strong>\u00a0\u2026\u2026\u2026\u2026\u2026. 500.000 U.I\u2028<\/strong><\/p>\n<p><strong>Colecalciferol<\/strong> (vitamina D3)<strong>\u00a0\u2026\u2026\u2026\u2026\u2026. 75.000 U.I\u2028<\/strong><\/p>\n<p><strong>Vitamina E Acetato \u2026\u2026\u2026\u2026\u2026\u2026\u2026\u2026 50 mg<\/strong><\/p>\n","protected":false},"featured_media":575,"template":"","meta":{"_et_pb_use_builder":"","_et_pb_old_content":"","_et_gb_content_width":""},"product_cat":[19,22],"product_tag":[],"yoast_head":"<!-- This site is optimized with the Yoast SEO plugin v22.4 - https:\/\/yoast.com\/wordpress\/plugins\/seo\/ -->\n<title>VITAVISOL - farmaceutica veterinaria la paz<\/title>\n<meta name=\"robots\" content=\"index, follow, max-snippet:-1, max-image-preview:large, max-video-preview:-1\" \/>\n<link rel=\"canonical\" href=\"https:\/\/farmaceuticaveterinarialapaz.com\/index.php\/producto\/vitavisol\/\" \/>\n<meta property=\"og:locale\" content=\"en_US\" \/>\n<meta property=\"og:type\" content=\"article\" \/>\n<meta property=\"og:title\" content=\"VITAVISOL - farmaceutica veterinaria la paz\" \/>\n<meta property=\"og:description\" content=\"Denominaci\u00f3n de medicamento veterinario:\u00a0Vitamina A, Vitamina D3, Vitamina E.  Funci\u00f3n:\u00a0Vitaminas de r\u00e1pida absorci\u00f3n en el organismo, para tratar las deficiencias y estimular el desarrollo de los animales.  Composici\u00f3n garantizada:  Vitamina A (palmitato de retinol)\u00a0\u2026\u2026\u2026\u2026\u2026. 500.000 U.I\u2028  Colecalciferol (vitamina D3)\u00a0\u2026\u2026\u2026\u2026\u2026. 75.000 U.I\u2028  Vitamina E Acetato \u2026\u2026\u2026\u2026\u2026\u2026\u2026\u2026 50 mg\" \/>\n<meta property=\"og:url\" content=\"https:\/\/farmaceuticaveterinarialapaz.com\/index.php\/producto\/vitavisol\/\" \/>\n<meta property=\"og:site_name\" content=\"farmaceutica veterinaria la paz\" \/>\n<meta property=\"article:modified_time\" content=\"2025-04-19T10:08:57+00:00\" \/>\n<meta property=\"og:image\" content=\"https:\/\/farmaceuticaveterinarialapaz.com\/wp-content\/uploads\/2024\/04\/VITAVISOL-1.png\" \/>\n\t<meta property=\"og:image:width\" content=\"1080\" \/>\n\t<meta property=\"og:image:height\" content=\"1080\" \/>\n\t<meta property=\"og:image:type\" content=\"image\/png\" \/>\n<meta name=\"twitter:card\" content=\"summary_large_image\" \/>\n<meta name=\"twitter:label1\" content=\"Est. reading time\" \/>\n\t<meta name=\"twitter:data1\" content=\"1 minute\" \/>\n<script type=\"application\/ld+json\" class=\"yoast-schema-graph\">{\"@context\":\"https:\/\/schema.org\",\"@graph\":[{\"@type\":\"WebPage\",\"@id\":\"https:\/\/farmaceuticaveterinarialapaz.com\/index.php\/producto\/vitavisol\/\",\"url\":\"https:\/\/farmaceuticaveterinarialapaz.com\/index.php\/producto\/vitavisol\/\",\"name\":\"VITAVISOL - farmaceutica veterinaria la paz\",\"isPartOf\":{\"@id\":\"https:\/\/farmaceuticaveterinarialapaz.com\/#website\"},\"primaryImageOfPage\":{\"@id\":\"https:\/\/farmaceuticaveterinarialapaz.com\/index.php\/producto\/vitavisol\/#primaryimage\"},\"image\":{\"@id\":\"https:\/\/farmaceuticaveterinarialapaz.com\/index.php\/producto\/vitavisol\/#primaryimage\"},\"thumbnailUrl\":\"https:\/\/farmaceuticaveterinarialapaz.com\/wp-content\/uploads\/2024\/04\/VITAVISOL-1.png\",\"datePublished\":\"2024-04-14T15:29:31+00:00\",\"dateModified\":\"2025-04-19T10:08:57+00:00\",\"breadcrumb\":{\"@id\":\"https:\/\/farmaceuticaveterinarialapaz.com\/index.php\/producto\/vitavisol\/#breadcrumb\"},\"inLanguage\":\"en-US\",\"potentialAction\":[{\"@type\":\"ReadAction\",\"target\":[\"https:\/\/farmaceuticaveterinarialapaz.com\/index.php\/producto\/vitavisol\/\"]}]},{\"@type\":\"ImageObject\",\"inLanguage\":\"en-US\",\"@id\":\"https:\/\/farmaceuticaveterinarialapaz.com\/index.php\/producto\/vitavisol\/#primaryimage\",\"url\":\"https:\/\/farmaceuticaveterinarialapaz.com\/wp-content\/uploads\/2024\/04\/VITAVISOL-1.png\",\"contentUrl\":\"https:\/\/farmaceuticaveterinarialapaz.com\/wp-content\/uploads\/2024\/04\/VITAVISOL-1.png\",\"width\":1080,\"height\":1080,\"caption\":\"Vitavisol farmaceuticaveterinarialapaz\"},{\"@type\":\"BreadcrumbList\",\"@id\":\"https:\/\/farmaceuticaveterinarialapaz.com\/index.php\/producto\/vitavisol\/#breadcrumb\",\"itemListElement\":[{\"@type\":\"ListItem\",\"position\":1,\"name\":\"Home\",\"item\":\"https:\/\/farmaceuticaveterinarialapaz.com\/\"},{\"@type\":\"ListItem\",\"position\":2,\"name\":\"Tienda\",\"item\":\"https:\/\/farmaceuticaveterinarialapaz.com\/index.php\/tienda\/\"},{\"@type\":\"ListItem\",\"position\":3,\"name\":\"VITAVISOL\"}]},{\"@type\":\"WebSite\",\"@id\":\"https:\/\/farmaceuticaveterinarialapaz.com\/#website\",\"url\":\"https:\/\/farmaceuticaveterinarialapaz.com\/\",\"name\":\"farmaceutica veterinaria la paz\",\"description\":\"\",\"potentialAction\":[{\"@type\":\"SearchAction\",\"target\":{\"@type\":\"EntryPoint\",\"urlTemplate\":\"https:\/\/farmaceuticaveterinarialapaz.com\/?s={search_term_string}\"},\"query-input\":\"required name=search_term_string\"}],\"inLanguage\":\"en-US\"}]}<\/script>\n<!-- \/ Yoast SEO plugin. -->","yoast_head_json":{"title":"VITAVISOL - farmaceutica veterinaria la paz","robots":{"index":"index","follow":"follow","max-snippet":"max-snippet:-1","max-image-preview":"max-image-preview:large","max-video-preview":"max-video-preview:-1"},"canonical":"https:\/\/farmaceuticaveterinarialapaz.com\/index.php\/producto\/vitavisol\/","og_locale":"en_US","og_type":"article","og_title":"VITAVISOL - farmaceutica veterinaria la paz","og_description":"Denominaci\u00f3n de medicamento veterinario:\u00a0Vitamina A, Vitamina D3, Vitamina E.  Funci\u00f3n:\u00a0Vitaminas de r\u00e1pida absorci\u00f3n en el organismo, para tratar las deficiencias y estimular el desarrollo de los animales.  Composici\u00f3n garantizada:  Vitamina A (palmitato de retinol)\u00a0\u2026\u2026\u2026\u2026\u2026. 500.000 U.I\u2028  Colecalciferol (vitamina D3)\u00a0\u2026\u2026\u2026\u2026\u2026. 75.000 U.I\u2028  Vitamina E Acetato \u2026\u2026\u2026\u2026\u2026\u2026\u2026\u2026 50 mg","og_url":"https:\/\/farmaceuticaveterinarialapaz.com\/index.php\/producto\/vitavisol\/","og_site_name":"farmaceutica veterinaria la paz","article_modified_time":"2025-04-19T10:08:57+00:00","og_image":[{"width":1080,"height":1080,"url":"https:\/\/farmaceuticaveterinarialapaz.com\/wp-content\/uploads\/2024\/04\/VITAVISOL-1.png","type":"image\/png"}],"twitter_card":"summary_large_image","twitter_misc":{"Est. reading time":"1 minute"},"schema":{"@context":"https:\/\/schema.org","@graph":[{"@type":"WebPage","@id":"https:\/\/farmaceuticaveterinarialapaz.com\/index.php\/producto\/vitavisol\/","url":"https:\/\/farmaceuticaveterinarialapaz.com\/index.php\/producto\/vitavisol\/","name":"VITAVISOL - farmaceutica veterinaria la paz","isPartOf":{"@id":"https:\/\/farmaceuticaveterinarialapaz.com\/#website"},"primaryImageOfPage":{"@id":"https:\/\/farmaceuticaveterinarialapaz.com\/index.php\/producto\/vitavisol\/#primaryimage"},"image":{"@id":"https:\/\/farmaceuticaveterinarialapaz.com\/index.php\/producto\/vitavisol\/#primaryimage"},"thumbnailUrl":"https:\/\/farmaceuticaveterinarialapaz.com\/wp-content\/uploads\/2024\/04\/VITAVISOL-1.png","datePublished":"2024-04-14T15:29:31+00:00","dateModified":"2025-04-19T10:08:57+00:00","breadcrumb":{"@id":"https:\/\/farmaceuticaveterinarialapaz.com\/index.php\/producto\/vitavisol\/#breadcrumb"},"inLanguage":"en-US","potentialAction":[{"@type":"ReadAction","target":["https:\/\/farmaceuticaveterinarialapaz.com\/index.php\/producto\/vitavisol\/"]}]},{"@type":"ImageObject","inLanguage":"en-US","@id":"https:\/\/farmaceuticaveterinarialapaz.com\/index.php\/producto\/vitavisol\/#primaryimage","url":"https:\/\/farmaceuticaveterinarialapaz.com\/wp-content\/uploads\/2024\/04\/VITAVISOL-1.png","contentUrl":"https:\/\/farmaceuticaveterinarialapaz.com\/wp-content\/uploads\/2024\/04\/VITAVISOL-1.png","width":1080,"height":1080,"caption":"Vitavisol farmaceuticaveterinarialapaz"},{"@type":"BreadcrumbList","@id":"https:\/\/farmaceuticaveterinarialapaz.com\/index.php\/producto\/vitavisol\/#breadcrumb","itemListElement":[{"@type":"ListItem","position":1,"name":"Home","item":"https:\/\/farmaceuticaveterinarialapaz.com\/"},{"@type":"ListItem","position":2,"name":"Tienda","item":"https:\/\/farmaceuticaveterinarialapaz.com\/index.php\/tienda\/"},{"@type":"ListItem","position":3,"name":"VITAVISOL"}]},{"@type":"WebSite","@id":"https:\/\/farmaceuticaveterinarialapaz.com\/#website","url":"https:\/\/farmaceuticaveterinarialapaz.com\/","name":"farmaceutica veterinaria la paz","description":"","potentialAction":[{"@type":"SearchAction","target":{"@type":"EntryPoint","urlTemplate":"https:\/\/farmaceuticaveterinarialapaz.com\/?s={search_term_string}"},"query-input":"required name=search_term_string"}],"inLanguage":"en-US"}]}},"_links":{"self":[{"href":"https:\/\/farmaceuticaveterinarialapaz.com\/index.php\/wp-json\/wp\/v2\/product\/250"}],"collection":[{"href":"https:\/\/farmaceuticaveterinarialapaz.com\/index.php\/wp-json\/wp\/v2\/product"}],"about":[{"href":"https:\/\/farmaceuticaveterinarialapaz.com\/index.php\/wp-json\/wp\/v2\/types\/product"}],"wp:featuredmedia":[{"embeddable":true,"href":"https:\/\/farmaceuticaveterinarialapaz.com\/index.php\/wp-json\/wp\/v2\/media\/575"}],"wp:attachment":[{"href":"https:\/\/farmaceuticaveterinarialapaz.com\/index.php\/wp-json\/wp\/v2\/media?parent=250"}],"wp:term":[{"taxonomy":"product_cat","embeddable":true,"href":"https:\/\/farmaceuticaveterinarialapaz.com\/index.php\/wp-json\/wp\/v2\/product_cat?post=250"},{"taxonomy":"product_tag","embeddable":true,"href":"https:\/\/farmaceuticaveterinarialapaz.com\/index.php\/wp-json\/wp\/v2\/product_tag?post=250"}],"curies":[{"name":"wp","href":"https:\/\/api.w.org\/{rel}","templated":true}]}}