{"id":226,"date":"2024-04-12T20:29:56","date_gmt":"2024-04-12T18:29:56","guid":{"rendered":"https:\/\/farmaceuticaveterinarialapaz.com\/?post_type=product&#038;p=226"},"modified":"2026-02-03T22:14:39","modified_gmt":"2026-02-03T21:14:39","slug":"iverpaz","status":"publish","type":"product","link":"https:\/\/farmaceuticaveterinarialapaz.com\/index.php\/producto\/iverpaz\/","title":{"rendered":"IVERPAZ"},"content":{"rendered":"","protected":false},"excerpt":{"rendered":"<p><strong>Denominaci\u00f3n de medicamento veterinario:\u00a0<\/strong>Ivermectina.<\/p>\n<p><strong>Funci\u00f3n:\u00a0<\/strong>El IVERPAZ LA\u00a0 al 1% es un desparasitante de base OLEOSA, de efecto prolongado y de amplio espectro que combate par\u00e1sitos tanto externos como internos, gastrointestinales y pulmonares, incluyendo en nuche, piojos, \u00e1caros y garrapatas.<\/p>\n<p><strong>Composici\u00f3n garantizada:<\/strong><\/p>\n<p>Cada 100 ml contiene:<\/p>\n<p><strong>Ivermectina \u2026 1 g<\/strong><br \/>\n<strong>Veh\u00edculo c.s.p \u2026 100 ml<\/strong><\/p>\n","protected":false},"featured_media":551,"template":"","meta":{"_et_pb_use_builder":"","_et_pb_old_content":"","_et_gb_content_width":""},"product_cat":[23,19],"product_tag":[],"yoast_head":"<!-- This site is optimized with the Yoast SEO plugin v22.4 - https:\/\/yoast.com\/wordpress\/plugins\/seo\/ -->\n<title>IVERPAZ - farmaceutica veterinaria la paz<\/title>\n<meta name=\"robots\" content=\"index, follow, max-snippet:-1, max-image-preview:large, max-video-preview:-1\" \/>\n<link rel=\"canonical\" href=\"https:\/\/farmaceuticaveterinarialapaz.com\/index.php\/producto\/iverpaz\/\" \/>\n<meta property=\"og:locale\" content=\"en_US\" \/>\n<meta property=\"og:type\" content=\"article\" \/>\n<meta property=\"og:title\" content=\"IVERPAZ - farmaceutica veterinaria la paz\" \/>\n<meta property=\"og:description\" content=\"Denominaci\u00f3n de medicamento veterinario:\u00a0Ivermectina.  Funci\u00f3n:\u00a0El IVERPAZ LA\u00a0 al 1% es un desparasitante de base OLEOSA, de efecto prolongado y de amplio espectro que combate par\u00e1sitos tanto externos como internos, gastrointestinales y pulmonares, incluyendo en nuche, piojos, \u00e1caros y garrapatas.  Composici\u00f3n garantizada:  Cada 100 ml contiene:  Ivermectina \u2026 1 g Veh\u00edculo c.s.p \u2026 100 ml\" \/>\n<meta property=\"og:url\" content=\"https:\/\/farmaceuticaveterinarialapaz.com\/index.php\/producto\/iverpaz\/\" \/>\n<meta property=\"og:site_name\" content=\"farmaceutica veterinaria la paz\" \/>\n<meta property=\"article:modified_time\" content=\"2026-02-03T21:14:39+00:00\" \/>\n<meta property=\"og:image\" content=\"https:\/\/farmaceuticaveterinarialapaz.com\/wp-content\/uploads\/2025\/02\/IVERPAZ.png\" \/>\n\t<meta property=\"og:image:width\" content=\"1080\" \/>\n\t<meta property=\"og:image:height\" content=\"1080\" \/>\n\t<meta property=\"og:image:type\" content=\"image\/png\" \/>\n<meta name=\"twitter:card\" content=\"summary_large_image\" \/>\n<meta name=\"twitter:label1\" content=\"Est. reading time\" \/>\n\t<meta name=\"twitter:data1\" content=\"1 minute\" \/>\n<script type=\"application\/ld+json\" class=\"yoast-schema-graph\">{\"@context\":\"https:\/\/schema.org\",\"@graph\":[{\"@type\":\"WebPage\",\"@id\":\"https:\/\/farmaceuticaveterinarialapaz.com\/index.php\/producto\/iverpaz\/\",\"url\":\"https:\/\/farmaceuticaveterinarialapaz.com\/index.php\/producto\/iverpaz\/\",\"name\":\"IVERPAZ - farmaceutica veterinaria la paz\",\"isPartOf\":{\"@id\":\"https:\/\/farmaceuticaveterinarialapaz.com\/#website\"},\"primaryImageOfPage\":{\"@id\":\"https:\/\/farmaceuticaveterinarialapaz.com\/index.php\/producto\/iverpaz\/#primaryimage\"},\"image\":{\"@id\":\"https:\/\/farmaceuticaveterinarialapaz.com\/index.php\/producto\/iverpaz\/#primaryimage\"},\"thumbnailUrl\":\"https:\/\/farmaceuticaveterinarialapaz.com\/wp-content\/uploads\/2025\/02\/IVERPAZ.png\",\"datePublished\":\"2024-04-12T18:29:56+00:00\",\"dateModified\":\"2026-02-03T21:14:39+00:00\",\"breadcrumb\":{\"@id\":\"https:\/\/farmaceuticaveterinarialapaz.com\/index.php\/producto\/iverpaz\/#breadcrumb\"},\"inLanguage\":\"en-US\",\"potentialAction\":[{\"@type\":\"ReadAction\",\"target\":[\"https:\/\/farmaceuticaveterinarialapaz.com\/index.php\/producto\/iverpaz\/\"]}]},{\"@type\":\"ImageObject\",\"inLanguage\":\"en-US\",\"@id\":\"https:\/\/farmaceuticaveterinarialapaz.com\/index.php\/producto\/iverpaz\/#primaryimage\",\"url\":\"https:\/\/farmaceuticaveterinarialapaz.com\/wp-content\/uploads\/2025\/02\/IVERPAZ.png\",\"contentUrl\":\"https:\/\/farmaceuticaveterinarialapaz.com\/wp-content\/uploads\/2025\/02\/IVERPAZ.png\",\"width\":1080,\"height\":1080,\"caption\":\"iverpaz farmaceuticaveterinarialapaz\"},{\"@type\":\"BreadcrumbList\",\"@id\":\"https:\/\/farmaceuticaveterinarialapaz.com\/index.php\/producto\/iverpaz\/#breadcrumb\",\"itemListElement\":[{\"@type\":\"ListItem\",\"position\":1,\"name\":\"Home\",\"item\":\"https:\/\/farmaceuticaveterinarialapaz.com\/\"},{\"@type\":\"ListItem\",\"position\":2,\"name\":\"Tienda\",\"item\":\"https:\/\/farmaceuticaveterinarialapaz.com\/index.php\/tienda\/\"},{\"@type\":\"ListItem\",\"position\":3,\"name\":\"IVERPAZ\"}]},{\"@type\":\"WebSite\",\"@id\":\"https:\/\/farmaceuticaveterinarialapaz.com\/#website\",\"url\":\"https:\/\/farmaceuticaveterinarialapaz.com\/\",\"name\":\"farmaceutica veterinaria la paz\",\"description\":\"\",\"potentialAction\":[{\"@type\":\"SearchAction\",\"target\":{\"@type\":\"EntryPoint\",\"urlTemplate\":\"https:\/\/farmaceuticaveterinarialapaz.com\/?s={search_term_string}\"},\"query-input\":\"required name=search_term_string\"}],\"inLanguage\":\"en-US\"}]}<\/script>\n<!-- \/ Yoast SEO plugin. -->","yoast_head_json":{"title":"IVERPAZ - farmaceutica veterinaria la paz","robots":{"index":"index","follow":"follow","max-snippet":"max-snippet:-1","max-image-preview":"max-image-preview:large","max-video-preview":"max-video-preview:-1"},"canonical":"https:\/\/farmaceuticaveterinarialapaz.com\/index.php\/producto\/iverpaz\/","og_locale":"en_US","og_type":"article","og_title":"IVERPAZ - farmaceutica veterinaria la paz","og_description":"Denominaci\u00f3n de medicamento veterinario:\u00a0Ivermectina.  Funci\u00f3n:\u00a0El IVERPAZ LA\u00a0 al 1% es un desparasitante de base OLEOSA, de efecto prolongado y de amplio espectro que combate par\u00e1sitos tanto externos como internos, gastrointestinales y pulmonares, incluyendo en nuche, piojos, \u00e1caros y garrapatas.  Composici\u00f3n garantizada:  Cada 100 ml contiene:  Ivermectina \u2026 1 g Veh\u00edculo c.s.p \u2026 100 ml","og_url":"https:\/\/farmaceuticaveterinarialapaz.com\/index.php\/producto\/iverpaz\/","og_site_name":"farmaceutica veterinaria la paz","article_modified_time":"2026-02-03T21:14:39+00:00","og_image":[{"width":1080,"height":1080,"url":"https:\/\/farmaceuticaveterinarialapaz.com\/wp-content\/uploads\/2025\/02\/IVERPAZ.png","type":"image\/png"}],"twitter_card":"summary_large_image","twitter_misc":{"Est. reading time":"1 minute"},"schema":{"@context":"https:\/\/schema.org","@graph":[{"@type":"WebPage","@id":"https:\/\/farmaceuticaveterinarialapaz.com\/index.php\/producto\/iverpaz\/","url":"https:\/\/farmaceuticaveterinarialapaz.com\/index.php\/producto\/iverpaz\/","name":"IVERPAZ - farmaceutica veterinaria la paz","isPartOf":{"@id":"https:\/\/farmaceuticaveterinarialapaz.com\/#website"},"primaryImageOfPage":{"@id":"https:\/\/farmaceuticaveterinarialapaz.com\/index.php\/producto\/iverpaz\/#primaryimage"},"image":{"@id":"https:\/\/farmaceuticaveterinarialapaz.com\/index.php\/producto\/iverpaz\/#primaryimage"},"thumbnailUrl":"https:\/\/farmaceuticaveterinarialapaz.com\/wp-content\/uploads\/2025\/02\/IVERPAZ.png","datePublished":"2024-04-12T18:29:56+00:00","dateModified":"2026-02-03T21:14:39+00:00","breadcrumb":{"@id":"https:\/\/farmaceuticaveterinarialapaz.com\/index.php\/producto\/iverpaz\/#breadcrumb"},"inLanguage":"en-US","potentialAction":[{"@type":"ReadAction","target":["https:\/\/farmaceuticaveterinarialapaz.com\/index.php\/producto\/iverpaz\/"]}]},{"@type":"ImageObject","inLanguage":"en-US","@id":"https:\/\/farmaceuticaveterinarialapaz.com\/index.php\/producto\/iverpaz\/#primaryimage","url":"https:\/\/farmaceuticaveterinarialapaz.com\/wp-content\/uploads\/2025\/02\/IVERPAZ.png","contentUrl":"https:\/\/farmaceuticaveterinarialapaz.com\/wp-content\/uploads\/2025\/02\/IVERPAZ.png","width":1080,"height":1080,"caption":"iverpaz farmaceuticaveterinarialapaz"},{"@type":"BreadcrumbList","@id":"https:\/\/farmaceuticaveterinarialapaz.com\/index.php\/producto\/iverpaz\/#breadcrumb","itemListElement":[{"@type":"ListItem","position":1,"name":"Home","item":"https:\/\/farmaceuticaveterinarialapaz.com\/"},{"@type":"ListItem","position":2,"name":"Tienda","item":"https:\/\/farmaceuticaveterinarialapaz.com\/index.php\/tienda\/"},{"@type":"ListItem","position":3,"name":"IVERPAZ"}]},{"@type":"WebSite","@id":"https:\/\/farmaceuticaveterinarialapaz.com\/#website","url":"https:\/\/farmaceuticaveterinarialapaz.com\/","name":"farmaceutica veterinaria la paz","description":"","potentialAction":[{"@type":"SearchAction","target":{"@type":"EntryPoint","urlTemplate":"https:\/\/farmaceuticaveterinarialapaz.com\/?s={search_term_string}"},"query-input":"required name=search_term_string"}],"inLanguage":"en-US"}]}},"_links":{"self":[{"href":"https:\/\/farmaceuticaveterinarialapaz.com\/index.php\/wp-json\/wp\/v2\/product\/226"}],"collection":[{"href":"https:\/\/farmaceuticaveterinarialapaz.com\/index.php\/wp-json\/wp\/v2\/product"}],"about":[{"href":"https:\/\/farmaceuticaveterinarialapaz.com\/index.php\/wp-json\/wp\/v2\/types\/product"}],"wp:featuredmedia":[{"embeddable":true,"href":"https:\/\/farmaceuticaveterinarialapaz.com\/index.php\/wp-json\/wp\/v2\/media\/551"}],"wp:attachment":[{"href":"https:\/\/farmaceuticaveterinarialapaz.com\/index.php\/wp-json\/wp\/v2\/media?parent=226"}],"wp:term":[{"taxonomy":"product_cat","embeddable":true,"href":"https:\/\/farmaceuticaveterinarialapaz.com\/index.php\/wp-json\/wp\/v2\/product_cat?post=226"},{"taxonomy":"product_tag","embeddable":true,"href":"https:\/\/farmaceuticaveterinarialapaz.com\/index.php\/wp-json\/wp\/v2\/product_tag?post=226"}],"curies":[{"name":"wp","href":"https:\/\/api.w.org\/{rel}","templated":true}]}}