{"id":223,"date":"2024-04-12T20:22:43","date_gmt":"2024-04-12T18:22:43","guid":{"rendered":"https:\/\/farmaceuticaveterinarialapaz.com\/?post_type=product&#038;p=223"},"modified":"2025-04-19T12:22:05","modified_gmt":"2025-04-19T10:22:05","slug":"levasol-forte","status":"publish","type":"product","link":"https:\/\/farmaceuticaveterinarialapaz.com\/index.php\/producto\/levasol-forte\/","title":{"rendered":"LEVASOL FORTE"},"content":{"rendered":"","protected":false},"excerpt":{"rendered":"<p><strong>Denominaci\u00f3n de medicamento veterinario:\u00a0<\/strong>LEVASOL FORTE AL 22.3%<\/p>\n<p><strong>Funci\u00f3n:\u00a0<\/strong>Antiparasitario para el control y tratamiento de par\u00e1sitos gastrointestinales y pulmonares sensibles a la acci\u00f3n del Levamisol.<\/p>\n<p><strong>Composici\u00f3n garantizada:<\/strong><\/p>\n<p>Cada 100 ml contiene:<\/p>\n<p><strong>Levamisol HCI\u2026. 22.3 g<\/strong><br \/>\n<strong>Excipientes c.s.p\u2026. 100 ml<\/strong><\/p>\n","protected":false},"featured_media":578,"template":"","meta":{"_et_pb_use_builder":"","_et_pb_old_content":"","_et_gb_content_width":""},"product_cat":[20,19],"product_tag":[],"yoast_head":"<!-- This site is optimized with the Yoast SEO plugin v22.4 - https:\/\/yoast.com\/wordpress\/plugins\/seo\/ -->\n<title>LEVASOL FORTE - farmaceutica veterinaria la paz<\/title>\n<meta name=\"robots\" content=\"index, follow, max-snippet:-1, max-image-preview:large, max-video-preview:-1\" \/>\n<link rel=\"canonical\" href=\"https:\/\/farmaceuticaveterinarialapaz.com\/index.php\/producto\/levasol-forte\/\" \/>\n<meta property=\"og:locale\" content=\"en_US\" \/>\n<meta property=\"og:type\" content=\"article\" \/>\n<meta property=\"og:title\" content=\"LEVASOL FORTE - farmaceutica veterinaria la paz\" \/>\n<meta property=\"og:description\" content=\"Denominaci\u00f3n de medicamento veterinario:\u00a0LEVASOL FORTE AL 22.3%  Funci\u00f3n:\u00a0Antiparasitario para el control y tratamiento de par\u00e1sitos gastrointestinales y pulmonares sensibles a la acci\u00f3n del Levamisol.  Composici\u00f3n garantizada:  Cada 100 ml contiene:  Levamisol HCI\u2026. 22.3 g Excipientes c.s.p\u2026. 100 ml\" \/>\n<meta property=\"og:url\" content=\"https:\/\/farmaceuticaveterinarialapaz.com\/index.php\/producto\/levasol-forte\/\" \/>\n<meta property=\"og:site_name\" content=\"farmaceutica veterinaria la paz\" \/>\n<meta property=\"article:modified_time\" content=\"2025-04-19T10:22:05+00:00\" \/>\n<meta property=\"og:image\" content=\"https:\/\/farmaceuticaveterinarialapaz.com\/wp-content\/uploads\/2024\/04\/LEVASOLFORTE-2.png\" \/>\n\t<meta property=\"og:image:width\" content=\"1080\" \/>\n\t<meta property=\"og:image:height\" content=\"1080\" \/>\n\t<meta property=\"og:image:type\" content=\"image\/png\" \/>\n<meta name=\"twitter:card\" content=\"summary_large_image\" \/>\n<meta name=\"twitter:label1\" content=\"Est. reading time\" \/>\n\t<meta name=\"twitter:data1\" content=\"1 minute\" \/>\n<script type=\"application\/ld+json\" class=\"yoast-schema-graph\">{\"@context\":\"https:\/\/schema.org\",\"@graph\":[{\"@type\":\"WebPage\",\"@id\":\"https:\/\/farmaceuticaveterinarialapaz.com\/index.php\/producto\/levasol-forte\/\",\"url\":\"https:\/\/farmaceuticaveterinarialapaz.com\/index.php\/producto\/levasol-forte\/\",\"name\":\"LEVASOL FORTE - farmaceutica veterinaria la paz\",\"isPartOf\":{\"@id\":\"https:\/\/farmaceuticaveterinarialapaz.com\/#website\"},\"primaryImageOfPage\":{\"@id\":\"https:\/\/farmaceuticaveterinarialapaz.com\/index.php\/producto\/levasol-forte\/#primaryimage\"},\"image\":{\"@id\":\"https:\/\/farmaceuticaveterinarialapaz.com\/index.php\/producto\/levasol-forte\/#primaryimage\"},\"thumbnailUrl\":\"https:\/\/farmaceuticaveterinarialapaz.com\/wp-content\/uploads\/2024\/04\/LEVASOLFORTE-2.png\",\"datePublished\":\"2024-04-12T18:22:43+00:00\",\"dateModified\":\"2025-04-19T10:22:05+00:00\",\"breadcrumb\":{\"@id\":\"https:\/\/farmaceuticaveterinarialapaz.com\/index.php\/producto\/levasol-forte\/#breadcrumb\"},\"inLanguage\":\"en-US\",\"potentialAction\":[{\"@type\":\"ReadAction\",\"target\":[\"https:\/\/farmaceuticaveterinarialapaz.com\/index.php\/producto\/levasol-forte\/\"]}]},{\"@type\":\"ImageObject\",\"inLanguage\":\"en-US\",\"@id\":\"https:\/\/farmaceuticaveterinarialapaz.com\/index.php\/producto\/levasol-forte\/#primaryimage\",\"url\":\"https:\/\/farmaceuticaveterinarialapaz.com\/wp-content\/uploads\/2024\/04\/LEVASOLFORTE-2.png\",\"contentUrl\":\"https:\/\/farmaceuticaveterinarialapaz.com\/wp-content\/uploads\/2024\/04\/LEVASOLFORTE-2.png\",\"width\":1080,\"height\":1080,\"caption\":\"Levasol Forte farmaceuticaveterinarialapaz\"},{\"@type\":\"BreadcrumbList\",\"@id\":\"https:\/\/farmaceuticaveterinarialapaz.com\/index.php\/producto\/levasol-forte\/#breadcrumb\",\"itemListElement\":[{\"@type\":\"ListItem\",\"position\":1,\"name\":\"Home\",\"item\":\"https:\/\/farmaceuticaveterinarialapaz.com\/\"},{\"@type\":\"ListItem\",\"position\":2,\"name\":\"Tienda\",\"item\":\"https:\/\/farmaceuticaveterinarialapaz.com\/index.php\/tienda\/\"},{\"@type\":\"ListItem\",\"position\":3,\"name\":\"LEVASOL FORTE\"}]},{\"@type\":\"WebSite\",\"@id\":\"https:\/\/farmaceuticaveterinarialapaz.com\/#website\",\"url\":\"https:\/\/farmaceuticaveterinarialapaz.com\/\",\"name\":\"farmaceutica veterinaria la paz\",\"description\":\"\",\"potentialAction\":[{\"@type\":\"SearchAction\",\"target\":{\"@type\":\"EntryPoint\",\"urlTemplate\":\"https:\/\/farmaceuticaveterinarialapaz.com\/?s={search_term_string}\"},\"query-input\":\"required name=search_term_string\"}],\"inLanguage\":\"en-US\"}]}<\/script>\n<!-- \/ Yoast SEO plugin. -->","yoast_head_json":{"title":"LEVASOL FORTE - farmaceutica veterinaria la paz","robots":{"index":"index","follow":"follow","max-snippet":"max-snippet:-1","max-image-preview":"max-image-preview:large","max-video-preview":"max-video-preview:-1"},"canonical":"https:\/\/farmaceuticaveterinarialapaz.com\/index.php\/producto\/levasol-forte\/","og_locale":"en_US","og_type":"article","og_title":"LEVASOL FORTE - farmaceutica veterinaria la paz","og_description":"Denominaci\u00f3n de medicamento veterinario:\u00a0LEVASOL FORTE AL 22.3%  Funci\u00f3n:\u00a0Antiparasitario para el control y tratamiento de par\u00e1sitos gastrointestinales y pulmonares sensibles a la acci\u00f3n del Levamisol.  Composici\u00f3n garantizada:  Cada 100 ml contiene:  Levamisol HCI\u2026. 22.3 g Excipientes c.s.p\u2026. 100 ml","og_url":"https:\/\/farmaceuticaveterinarialapaz.com\/index.php\/producto\/levasol-forte\/","og_site_name":"farmaceutica veterinaria la paz","article_modified_time":"2025-04-19T10:22:05+00:00","og_image":[{"width":1080,"height":1080,"url":"https:\/\/farmaceuticaveterinarialapaz.com\/wp-content\/uploads\/2024\/04\/LEVASOLFORTE-2.png","type":"image\/png"}],"twitter_card":"summary_large_image","twitter_misc":{"Est. reading time":"1 minute"},"schema":{"@context":"https:\/\/schema.org","@graph":[{"@type":"WebPage","@id":"https:\/\/farmaceuticaveterinarialapaz.com\/index.php\/producto\/levasol-forte\/","url":"https:\/\/farmaceuticaveterinarialapaz.com\/index.php\/producto\/levasol-forte\/","name":"LEVASOL FORTE - farmaceutica veterinaria la paz","isPartOf":{"@id":"https:\/\/farmaceuticaveterinarialapaz.com\/#website"},"primaryImageOfPage":{"@id":"https:\/\/farmaceuticaveterinarialapaz.com\/index.php\/producto\/levasol-forte\/#primaryimage"},"image":{"@id":"https:\/\/farmaceuticaveterinarialapaz.com\/index.php\/producto\/levasol-forte\/#primaryimage"},"thumbnailUrl":"https:\/\/farmaceuticaveterinarialapaz.com\/wp-content\/uploads\/2024\/04\/LEVASOLFORTE-2.png","datePublished":"2024-04-12T18:22:43+00:00","dateModified":"2025-04-19T10:22:05+00:00","breadcrumb":{"@id":"https:\/\/farmaceuticaveterinarialapaz.com\/index.php\/producto\/levasol-forte\/#breadcrumb"},"inLanguage":"en-US","potentialAction":[{"@type":"ReadAction","target":["https:\/\/farmaceuticaveterinarialapaz.com\/index.php\/producto\/levasol-forte\/"]}]},{"@type":"ImageObject","inLanguage":"en-US","@id":"https:\/\/farmaceuticaveterinarialapaz.com\/index.php\/producto\/levasol-forte\/#primaryimage","url":"https:\/\/farmaceuticaveterinarialapaz.com\/wp-content\/uploads\/2024\/04\/LEVASOLFORTE-2.png","contentUrl":"https:\/\/farmaceuticaveterinarialapaz.com\/wp-content\/uploads\/2024\/04\/LEVASOLFORTE-2.png","width":1080,"height":1080,"caption":"Levasol Forte farmaceuticaveterinarialapaz"},{"@type":"BreadcrumbList","@id":"https:\/\/farmaceuticaveterinarialapaz.com\/index.php\/producto\/levasol-forte\/#breadcrumb","itemListElement":[{"@type":"ListItem","position":1,"name":"Home","item":"https:\/\/farmaceuticaveterinarialapaz.com\/"},{"@type":"ListItem","position":2,"name":"Tienda","item":"https:\/\/farmaceuticaveterinarialapaz.com\/index.php\/tienda\/"},{"@type":"ListItem","position":3,"name":"LEVASOL FORTE"}]},{"@type":"WebSite","@id":"https:\/\/farmaceuticaveterinarialapaz.com\/#website","url":"https:\/\/farmaceuticaveterinarialapaz.com\/","name":"farmaceutica veterinaria la paz","description":"","potentialAction":[{"@type":"SearchAction","target":{"@type":"EntryPoint","urlTemplate":"https:\/\/farmaceuticaveterinarialapaz.com\/?s={search_term_string}"},"query-input":"required name=search_term_string"}],"inLanguage":"en-US"}]}},"_links":{"self":[{"href":"https:\/\/farmaceuticaveterinarialapaz.com\/index.php\/wp-json\/wp\/v2\/product\/223"}],"collection":[{"href":"https:\/\/farmaceuticaveterinarialapaz.com\/index.php\/wp-json\/wp\/v2\/product"}],"about":[{"href":"https:\/\/farmaceuticaveterinarialapaz.com\/index.php\/wp-json\/wp\/v2\/types\/product"}],"wp:featuredmedia":[{"embeddable":true,"href":"https:\/\/farmaceuticaveterinarialapaz.com\/index.php\/wp-json\/wp\/v2\/media\/578"}],"wp:attachment":[{"href":"https:\/\/farmaceuticaveterinarialapaz.com\/index.php\/wp-json\/wp\/v2\/media?parent=223"}],"wp:term":[{"taxonomy":"product_cat","embeddable":true,"href":"https:\/\/farmaceuticaveterinarialapaz.com\/index.php\/wp-json\/wp\/v2\/product_cat?post=223"},{"taxonomy":"product_tag","embeddable":true,"href":"https:\/\/farmaceuticaveterinarialapaz.com\/index.php\/wp-json\/wp\/v2\/product_tag?post=223"}],"curies":[{"name":"wp","href":"https:\/\/api.w.org\/{rel}","templated":true}]}}